{"id":18863,"date":"2023-05-03T17:21:50","date_gmt":"2023-05-03T15:21:50","guid":{"rendered":"https:\/\/fce.putput.cat\/?page_id=18863"},"modified":"2023-05-03T17:30:51","modified_gmt":"2023-05-03T15:30:51","slug":"official-jury","status":"publish","type":"page","link":"https:\/\/fce.putput.cat\/en\/official-jury\/","title":{"rendered":"Official jury"},"content":{"rendered":"\t\t<div data-elementor-type=\"wp-page\" data-elementor-id=\"18863\" class=\"elementor elementor-18863 elementor-18862\">\n\t\t\t\t\t\t\t\t\t<section class=\"elementor-section elementor-top-section elementor-element elementor-element-80792ff elementor-section-boxed elementor-section-height-default elementor-section-height-default qodef-elementor-content-no\" data-id=\"80792ff\" data-element_type=\"section\">\n\t\t\t\t\t\t<div class=\"elementor-container elementor-column-gap-default\">\n\t\t\t\t\t<div class=\"elementor-column elementor-col-100 elementor-top-column elementor-element elementor-element-039fcbd\" data-id=\"039fcbd\" data-element_type=\"column\">\n\t\t\t<div class=\"elementor-widget-wrap elementor-element-populated\">\n\t\t\t\t\t\t\t\t<div class=\"elementor-element elementor-element-ca0127e elementor-widget elementor-widget-heading\" data-id=\"ca0127e\" data-element_type=\"widget\" data-widget_type=\"heading.default\">\n\t\t\t\t<div class=\"elementor-widget-container\">\n\t\t\t<style>\/*! elementor - v3.13.1 - 09-05-2023 *\/\n.elementor-heading-title{padding:0;margin:0;line-height:1}.elementor-widget-heading .elementor-heading-title[class*=elementor-size-]>a{color:inherit;font-size:inherit;line-height:inherit}.elementor-widget-heading .elementor-heading-title.elementor-size-small{font-size:15px}.elementor-widget-heading .elementor-heading-title.elementor-size-medium{font-size:19px}.elementor-widget-heading .elementor-heading-title.elementor-size-large{font-size:29px}.elementor-widget-heading .elementor-heading-title.elementor-size-xl{font-size:39px}.elementor-widget-heading .elementor-heading-title.elementor-size-xxl{font-size:59px}<\/style><h2 class=\"elementor-heading-title elementor-size-default\">Official jury<\/h2>\t\t<\/div>\n\t\t\t\t<\/div>\n\t\t\t\t\t<\/div>\n\t\t<\/div>\n\t\t\t\t\t\t\t<\/div>\n\t\t<\/section>\n\t\t\t\t<section class=\"elementor-section elementor-top-section elementor-element elementor-element-7b7e076 elementor-section-boxed elementor-section-height-default elementor-section-height-default qodef-elementor-content-no\" data-id=\"7b7e076\" data-element_type=\"section\">\n\t\t\t\t\t\t<div class=\"elementor-container elementor-column-gap-default\">\n\t\t\t\t\t<div class=\"elementor-column elementor-col-100 elementor-top-column elementor-element elementor-element-a53cdc7\" data-id=\"a53cdc7\" data-element_type=\"column\">\n\t\t\t<div class=\"elementor-widget-wrap elementor-element-populated\">\n\t\t\t\t\t\t\t\t<div class=\"elementor-element elementor-element-7fd1033 elementor-position-left elementor-vertical-align-top elementor-widget elementor-widget-image-box\" data-id=\"7fd1033\" data-element_type=\"widget\" data-widget_type=\"image-box.default\">\n\t\t\t\t<div class=\"elementor-widget-container\">\n\t\t\t<style>\/*! elementor - v3.13.1 - 09-05-2023 *\/\n.elementor-widget-image-box .elementor-image-box-content{width:100%}@media (min-width:768px){.elementor-widget-image-box.elementor-position-left .elementor-image-box-wrapper,.elementor-widget-image-box.elementor-position-right .elementor-image-box-wrapper{display:flex}.elementor-widget-image-box.elementor-position-right .elementor-image-box-wrapper{text-align:right;flex-direction:row-reverse}.elementor-widget-image-box.elementor-position-left .elementor-image-box-wrapper{text-align:left;flex-direction:row}.elementor-widget-image-box.elementor-position-top .elementor-image-box-img{margin:auto}.elementor-widget-image-box.elementor-vertical-align-top .elementor-image-box-wrapper{align-items:flex-start}.elementor-widget-image-box.elementor-vertical-align-middle .elementor-image-box-wrapper{align-items:center}.elementor-widget-image-box.elementor-vertical-align-bottom .elementor-image-box-wrapper{align-items:flex-end}}@media (max-width:767px){.elementor-widget-image-box .elementor-image-box-img{margin-left:auto!important;margin-right:auto!important;margin-bottom:15px}}.elementor-widget-image-box .elementor-image-box-img{display:inline-block}.elementor-widget-image-box .elementor-image-box-title a{color:inherit}.elementor-widget-image-box .elementor-image-box-wrapper{text-align:center}.elementor-widget-image-box .elementor-image-box-description{margin:0}<\/style><div class=\"elementor-image-box-wrapper\"><figure class=\"elementor-image-box-img\"><img decoding=\"async\" width=\"760\" height=\"785\" src=\"https:\/\/fce.putput.cat\/wp-content\/uploads\/2022\/12\/bcf_jurado-josep_roca.jpg\" class=\"attachment-full size-full wp-image-155\" alt=\"Josep Roca\" loading=\"lazy\" \/><\/figure><div class=\"elementor-image-box-content\"><div class=\"elementor-image-box-title\">Josep Roca<\/div><p class=\"elementor-image-box-description\">Josep Roca holds a degree in Hispanic Philology from the Universitat Aut\u00f2noma de Barcelona and a diploma in Public Administration Management from ESADE. He has worked as Coordinator of International Relations and Major International Sporting Events at Barcelona City Council and as a technical representative of the World Union of Olympic Cities. He was also part of the organisation of the Barcelona\u201992 Olympic Games as Director of the Opening and Closing Ceremonies and the Medal Ceremonies and as Delegate Producer of the Official Film. He has also been a film producer at Barcelona Televisi\u00f3.<\/p><\/div><\/div>\t\t<\/div>\n\t\t\t\t<\/div>\n\t\t\t\t<div class=\"elementor-element elementor-element-ae613eb elementor-position-left elementor-vertical-align-top elementor-widget elementor-widget-image-box\" data-id=\"ae613eb\" data-element_type=\"widget\" data-widget_type=\"image-box.default\">\n\t\t\t\t<div class=\"elementor-widget-container\">\n\t\t\t<div class=\"elementor-image-box-wrapper\"><figure class=\"elementor-image-box-img\"><img decoding=\"async\" width=\"260\" height=\"260\" src=\"https:\/\/fce.putput.cat\/wp-content\/uploads\/2022\/12\/bcf_jurado-lidia_flaque.png\" class=\"attachment-full size-full wp-image-161\" alt=\"L\u00eddia Flaqu\u00e9\" loading=\"lazy\" \/><\/figure><div class=\"elementor-image-box-content\"><div class=\"elementor-image-box-title\">L\u00eddia Flaqu\u00e9<\/div><p class=\"elementor-image-box-description\">L\u00eddia Flaqu\u00e9 holds a degree in Education Sciences and is a former top-level swimmer. She also worked as a sports management technician at the Barcelona City Council. Today, she is the general secretary of the Catalan Swimming Federation and holds a managerial position at the Royal Spanish Swimming Federation. Passionate about cinema, she regularly attends festivals such as the Berlin and Venice Biennale and the Sitges Film Festival.<\/p><\/div><\/div>\t\t<\/div>\n\t\t\t\t<\/div>\n\t\t\t\t<div class=\"elementor-element elementor-element-c6a20d9 elementor-position-left elementor-vertical-align-top elementor-widget elementor-widget-image-box\" data-id=\"c6a20d9\" data-element_type=\"widget\" data-widget_type=\"image-box.default\">\n\t\t\t\t<div class=\"elementor-widget-container\">\n\t\t\t<div class=\"elementor-image-box-wrapper\"><figure class=\"elementor-image-box-img\"><img decoding=\"async\" width=\"760\" height=\"785\" src=\"https:\/\/fce.putput.cat\/wp-content\/uploads\/2022\/12\/bcf_jurado-jose_luis_beltran.jpg\" class=\"attachment-full size-full wp-image-149\" alt=\"Jos\u00e9 Luis Beltr\u00e1n\" loading=\"lazy\" \/><\/figure><div class=\"elementor-image-box-content\"><div class=\"elementor-image-box-title\">Jos\u00e9 Luis Beltr\u00e1n<\/div><p class=\"elementor-image-box-description\">Jos\u00e9 Luis Beltr\u00e1n holds a degree in Business Studies and a diploma in Tourism from the Universitat Jaume I. He works as a teacher, developing a proposal for the cineforum. He has been a member of the jury for the Agust\u00ed Comes Short Film Festival of Vinar\u00f3s, as well as several activities of film dissemination in blog environments and also in the local media in Vinar\u00f3s.<\/p><\/div><\/div>\t\t<\/div>\n\t\t\t\t<\/div>\n\t\t\t\t<div class=\"elementor-element elementor-element-f1641d7 elementor-position-left elementor-vertical-align-top elementor-widget elementor-widget-image-box\" data-id=\"f1641d7\" data-element_type=\"widget\" data-widget_type=\"image-box.default\">\n\t\t\t\t<div class=\"elementor-widget-container\">\n\t\t\t<div class=\"elementor-image-box-wrapper\"><figure class=\"elementor-image-box-img\"><img decoding=\"async\" width=\"760\" height=\"785\" src=\"https:\/\/fce.putput.cat\/wp-content\/uploads\/2022\/12\/bcf_jurado-marguerite_hayter.jpg\" class=\"attachment-full size-full wp-image-164\" alt=\"Marguerite Hayter\" loading=\"lazy\" \/><\/figure><div class=\"elementor-image-box-content\"><div class=\"elementor-image-box-title\">Marguerite Hayter<\/div><p class=\"elementor-image-box-description\">Marguerite Hayter has a degree in theatre from Les Enfants Terribles and a master\u2019s degree in cinema from the Universit\u00e9 Paris 8. She has extensive experience in documentary filmmaking, fiction and advertising. Some of her productions have been selected for several international festivals. He has also been a jury member at several festivals.<\/p><\/div><\/div>\t\t<\/div>\n\t\t\t\t<\/div>\n\t\t\t\t\t<\/div>\n\t\t<\/div>\n\t\t\t\t\t\t\t<\/div>\n\t\t<\/section>\n\t\t\t\t\t\t\t<\/div>\n\t\t","protected":false},"excerpt":{"rendered":"<p>Official jury Josep Roca Josep Roca holds a degree in Hispanic Philology from the Universitat Aut\u00f2noma de Barcelona and a diploma in Public Administration Management from ESADE. He has worked as Coordinator of International Relations and Major International Sporting Events at Barcelona City Council and as a technical representative of the World Union of Olympic [&hellip;]<\/p>\n","protected":false},"author":1,"featured_media":0,"parent":0,"menu_order":5,"comment_status":"closed","ping_status":"closed","template":"page-full-width.php","meta":[],"acf":[],"_links":{"self":[{"href":"https:\/\/fce.putput.cat\/en\/wp-json\/wp\/v2\/pages\/18863"}],"collection":[{"href":"https:\/\/fce.putput.cat\/en\/wp-json\/wp\/v2\/pages"}],"about":[{"href":"https:\/\/fce.putput.cat\/en\/wp-json\/wp\/v2\/types\/page"}],"author":[{"embeddable":true,"href":"https:\/\/fce.putput.cat\/en\/wp-json\/wp\/v2\/users\/1"}],"replies":[{"embeddable":true,"href":"https:\/\/fce.putput.cat\/en\/wp-json\/wp\/v2\/comments?post=18863"}],"version-history":[{"count":4,"href":"https:\/\/fce.putput.cat\/en\/wp-json\/wp\/v2\/pages\/18863\/revisions"}],"predecessor-version":[{"id":18886,"href":"https:\/\/fce.putput.cat\/en\/wp-json\/wp\/v2\/pages\/18863\/revisions\/18886"}],"wp:attachment":[{"href":"https:\/\/fce.putput.cat\/en\/wp-json\/wp\/v2\/media?parent=18863"}],"curies":[{"name":"wp","href":"https:\/\/api.w.org\/{rel}","templated":true}]}}