{"id":518,"date":"2022-12-20T12:45:41","date_gmt":"2022-12-20T10:45:41","guid":{"rendered":"https:\/\/fce.putput.cat\/?page_id=518"},"modified":"2022-12-20T12:55:49","modified_gmt":"2022-12-20T10:55:49","slug":"politica-de-cookies","status":"publish","type":"page","link":"https:\/\/fce.putput.cat\/ca\/politica-de-cookies\/","title":{"rendered":"Pol\u00edtica de cookies"},"content":{"rendered":"\t\t<div data-elementor-type=\"wp-page\" data-elementor-id=\"518\" class=\"elementor elementor-518\">\n\t\t\t\t\t\t\t\t\t<section class=\"elementor-section elementor-top-section elementor-element elementor-element-5dccd6a elementor-section-boxed elementor-section-height-default elementor-section-height-default qodef-elementor-content-no\" data-id=\"5dccd6a\" data-element_type=\"section\">\n\t\t\t\t\t\t<div class=\"elementor-container elementor-column-gap-wider\">\n\t\t\t\t\t<div class=\"elementor-column elementor-col-100 elementor-top-column elementor-element elementor-element-92b07df\" data-id=\"92b07df\" data-element_type=\"column\">\n\t\t\t<div class=\"elementor-widget-wrap elementor-element-populated\">\n\t\t\t\t\t\t\t\t<div class=\"elementor-element elementor-element-bc1627b elementor-widget elementor-widget-heading\" data-id=\"bc1627b\" data-element_type=\"widget\" data-widget_type=\"heading.default\">\n\t\t\t\t<div class=\"elementor-widget-container\">\n\t\t\t<style>\/*! elementor - v3.13.1 - 09-05-2023 *\/\n.elementor-heading-title{padding:0;margin:0;line-height:1}.elementor-widget-heading .elementor-heading-title[class*=elementor-size-]>a{color:inherit;font-size:inherit;line-height:inherit}.elementor-widget-heading .elementor-heading-title.elementor-size-small{font-size:15px}.elementor-widget-heading .elementor-heading-title.elementor-size-medium{font-size:19px}.elementor-widget-heading .elementor-heading-title.elementor-size-large{font-size:29px}.elementor-widget-heading .elementor-heading-title.elementor-size-xl{font-size:39px}.elementor-widget-heading .elementor-heading-title.elementor-size-xxl{font-size:59px}<\/style><h2 class=\"elementor-heading-title elementor-size-large\">Pol\u00edtica de cookies<\/h2>\t\t<\/div>\n\t\t\t\t<\/div>\n\t\t\t\t<section class=\"elementor-section elementor-inner-section elementor-element elementor-element-35b683e elementor-section-full_width elementor-section-height-default elementor-section-height-default qodef-elementor-content-no\" data-id=\"35b683e\" data-element_type=\"section\">\n\t\t\t\t\t\t<div class=\"elementor-container elementor-column-gap-no\">\n\t\t\t\t\t<div class=\"elementor-column elementor-col-100 elementor-inner-column elementor-element elementor-element-33c1ae0\" data-id=\"33c1ae0\" data-element_type=\"column\">\n\t\t\t<div class=\"elementor-widget-wrap elementor-element-populated\">\n\t\t\t\t\t\t\t\t<div class=\"elementor-element elementor-element-e6e4459 elementor-widget elementor-widget-heading\" data-id=\"e6e4459\" data-element_type=\"widget\" data-widget_type=\"heading.default\">\n\t\t\t\t<div class=\"elementor-widget-container\">\n\t\t\t<h3 class=\"elementor-heading-title elementor-size-small\">1. DEFINICI\u00d3 I FUNCI\u00d3 DE LES COOKIES<\/h3>\t\t<\/div>\n\t\t\t\t<\/div>\n\t\t\t\t<div class=\"elementor-element elementor-element-a9f6e4c elementor-widget elementor-widget-text-editor\" data-id=\"a9f6e4c\" data-element_type=\"widget\" data-widget_type=\"text-editor.default\">\n\t\t\t\t<div class=\"elementor-widget-container\">\n\t\t\t<style>\/*! elementor - v3.13.1 - 09-05-2023 *\/\n.elementor-widget-text-editor.elementor-drop-cap-view-stacked .elementor-drop-cap{background-color:#69727d;color:#fff}.elementor-widget-text-editor.elementor-drop-cap-view-framed .elementor-drop-cap{color:#69727d;border:3px solid;background-color:transparent}.elementor-widget-text-editor:not(.elementor-drop-cap-view-default) .elementor-drop-cap{margin-top:8px}.elementor-widget-text-editor:not(.elementor-drop-cap-view-default) .elementor-drop-cap-letter{width:1em;height:1em}.elementor-widget-text-editor .elementor-drop-cap{float:left;text-align:center;line-height:1;font-size:50px}.elementor-widget-text-editor .elementor-drop-cap-letter{display:inline-block}<\/style>\t\t\t\t<p>Qu\u00e8 s\u00f3n les cookies? Una cookie \u00e9s un arxiu que es descarrega al vostre dispositiu en accedir a determinades p\u00e0gines web. Les cookies permeten a una p\u00e0gina web, entre altres coses, emmagatzemar i recuperar informaci\u00f3 sobre els h\u00e0bits de navegaci\u00f3 d\u2019un usuari o del seu equip i, segons la informaci\u00f3 que continguin i de la manera que s\u2019utilitzi l\u2019equip, es poden utilitzar per recon\u00e8ixer l\u2019usuari.<\/p>\t\t\t\t\t\t<\/div>\n\t\t\t\t<\/div>\n\t\t\t\t\t<\/div>\n\t\t<\/div>\n\t\t\t\t\t\t\t<\/div>\n\t\t<\/section>\n\t\t\t\t<section class=\"elementor-section elementor-inner-section elementor-element elementor-element-9683046 elementor-section-full_width elementor-section-height-default elementor-section-height-default qodef-elementor-content-no\" data-id=\"9683046\" data-element_type=\"section\">\n\t\t\t\t\t\t<div class=\"elementor-container elementor-column-gap-no\">\n\t\t\t\t\t<div class=\"elementor-column elementor-col-100 elementor-inner-column elementor-element elementor-element-37e3a6e\" data-id=\"37e3a6e\" data-element_type=\"column\">\n\t\t\t<div class=\"elementor-widget-wrap elementor-element-populated\">\n\t\t\t\t\t\t\t\t<div class=\"elementor-element elementor-element-f1c750f elementor-widget elementor-widget-heading\" data-id=\"f1c750f\" data-element_type=\"widget\" data-widget_type=\"heading.default\">\n\t\t\t\t<div class=\"elementor-widget-container\">\n\t\t\t<h3 class=\"elementor-heading-title elementor-size-small\">2. QUIN TIPUS DE COOKIES UTILITZA AQUESTA P\u00c0GINA WEB?<\/h3>\t\t<\/div>\n\t\t\t\t<\/div>\n\t\t\t\t<div class=\"elementor-element elementor-element-63a39f1 elementor-widget elementor-widget-text-editor\" data-id=\"63a39f1\" data-element_type=\"widget\" data-widget_type=\"text-editor.default\">\n\t\t\t\t<div class=\"elementor-widget-container\">\n\t\t\t\t\t\t\t<p>\u2013 Cookies pr\u00f2pies: s\u00f3n aquelles que s\u2019envien a l\u2019equip terminal de l\u2019usuari des d\u2019un equip o un domini gestionat per nosaltres i des del qual es presta el servei sol\u00b7licitat per l\u2019usuari.<\/p><p>\u2013 Cookies de tercers: s\u00f3n aquelles que s\u2019envien a l\u2019equip terminal de l\u2019usuari des d\u2019un equip o un domini que no \u00e9s gestionat per nosaltres, sin\u00f3 per una altra entitat que tracta les dades obtingudes trav\u00e9s de les cookies.<\/p><p>\u2013 Cookies de sessi\u00f3: s\u00f3n un tipus de cookies dissenyades per recollir i emmagatzemar dades mentre l\u2019usuari accedeix a una p\u00e0gina web.<\/p><p>\u2013 Cookies persistents: s\u00f3n un tipus de cookies en el qual les dades segueixen emmagatzemades en el terminal i a les quals es pot accedir i tractar durant un per\u00edode definit pel responsable de la cookie, i que pot anar des d\u2019uns minuts fins a diversos anys.<\/p><p>\u2013 Cookies t\u00e8cniques i cookies de personalitzaci\u00f3: les primeres permeten a l\u2019usuari navegar a trav\u00e9s de la p\u00e0gina web i utilitzar els diferents serveis que existeixen, i les segones permeten a l\u2019usuari accedir al servei amb algunes caracter\u00edstiques de car\u00e0cter general predefinides. S\u00f3n, per exemple, les cookies per al manteniment de sessi\u00f3 i les d\u2019idioma.<\/p><p>\u2013 Cookies d\u2019an\u00e0lisi: s\u00f3n aquelles que tant si \u00e9s perqu\u00e8 s\u00f3n tractades per nosaltres com per tercers, ens permeten quantificar el nombre d\u2019usuaris i, aix\u00ed, dur a terme el mesurament i l\u2019an\u00e0lisi estad\u00edstica de la utilitzaci\u00f3 que fan els usuaris del servei ofert. Per aix\u00f2 s\u2019analitza la vostra navegaci\u00f3 a la nostra p\u00e0gina web amb la finalitat de millorar l\u2019oferta de serveis que us oferim.<\/p><p>\u2013 Cookies de xarxes socials externes: s\u2019utilitzen perqu\u00e8 els visitants puguin interactuar amb el contingut de diverses plataformes socials (Facebook, Twitter i Instagram) i es fan servir per aquests tercers per a la publicitat comportamental, l\u2019an\u00e0lisi, el seguiment i la investigaci\u00f3 de mercats per part del tercer titular de la xarxa social aix\u00ed com per a les finalitats que apareixen en les seves condicions legals, a les quals podr\u00e0 accedir si segueix l\u2019enlla\u00e7 que apareix en el punt 4 que consta a continuaci\u00f3.<\/p>\t\t\t\t\t\t<\/div>\n\t\t\t\t<\/div>\n\t\t\t\t\t<\/div>\n\t\t<\/div>\n\t\t\t\t\t\t\t<\/div>\n\t\t<\/section>\n\t\t\t\t<section class=\"elementor-section elementor-inner-section elementor-element elementor-element-eff74a0 elementor-section-full_width elementor-section-height-default elementor-section-height-default qodef-elementor-content-no\" data-id=\"eff74a0\" data-element_type=\"section\">\n\t\t\t\t\t\t<div class=\"elementor-container elementor-column-gap-no\">\n\t\t\t\t\t<div class=\"elementor-column elementor-col-100 elementor-inner-column elementor-element elementor-element-1abfb0e\" data-id=\"1abfb0e\" data-element_type=\"column\">\n\t\t\t<div class=\"elementor-widget-wrap elementor-element-populated\">\n\t\t\t\t\t\t\t\t<div class=\"elementor-element elementor-element-301ff57 elementor-widget elementor-widget-heading\" data-id=\"301ff57\" data-element_type=\"widget\" data-widget_type=\"heading.default\">\n\t\t\t\t<div class=\"elementor-widget-container\">\n\t\t\t<h3 class=\"elementor-heading-title elementor-size-small\">3. MANERA DE DESACTIVAR O ELIMINAR LES COOKIES<\/h3>\t\t<\/div>\n\t\t\t\t<\/div>\n\t\t\t\t<div class=\"elementor-element elementor-element-c398982 elementor-widget elementor-widget-text-editor\" data-id=\"c398982\" data-element_type=\"widget\" data-widget_type=\"text-editor.default\">\n\t\t\t\t<div class=\"elementor-widget-container\">\n\t\t\t\t\t\t\t<p>Podeu permetre, bloquejar o eliminar les cookies instal\u00b7lades en el vostre dispositiu a trav\u00e9s de la configuraci\u00f3 de les opcions del navegador instal\u00b7lat.<br \/><strong>En cas que no accepteu les cookies \u00e9s possible que la p\u00e0gina web no funcioni correctament. Si seguiu navegant entendrem que n\u2019accepteu l\u2019\u00fas.<\/strong><\/p>\t\t\t\t\t\t<\/div>\n\t\t\t\t<\/div>\n\t\t\t\t\t<\/div>\n\t\t<\/div>\n\t\t\t\t\t\t\t<\/div>\n\t\t<\/section>\n\t\t\t\t<section class=\"elementor-section elementor-inner-section elementor-element elementor-element-59b5b79 elementor-section-full_width elementor-section-height-default elementor-section-height-default qodef-elementor-content-no\" data-id=\"59b5b79\" data-element_type=\"section\">\n\t\t\t\t\t\t<div class=\"elementor-container elementor-column-gap-no\">\n\t\t\t\t\t<div class=\"elementor-column elementor-col-100 elementor-inner-column elementor-element elementor-element-8e71299\" data-id=\"8e71299\" data-element_type=\"column\">\n\t\t\t<div class=\"elementor-widget-wrap elementor-element-populated\">\n\t\t\t\t\t\t\t\t<div class=\"elementor-element elementor-element-6be9f3f elementor-widget elementor-widget-heading\" data-id=\"6be9f3f\" data-element_type=\"widget\" data-widget_type=\"heading.default\">\n\t\t\t\t<div class=\"elementor-widget-container\">\n\t\t\t<h3 class=\"elementor-heading-title elementor-size-small\">4. INFORMACI\u00d3 SOBRE LA IDENTIFICACI\u00d3 DE QUI UTILITZA LES COOKIES<\/h3>\t\t<\/div>\n\t\t\t\t<\/div>\n\t\t\t\t<div class=\"elementor-element elementor-element-13caffb elementor-widget elementor-widget-text-editor\" data-id=\"13caffb\" data-element_type=\"widget\" data-widget_type=\"text-editor.default\">\n\t\t\t\t<div class=\"elementor-widget-container\">\n\t\t\t\t\t\t\t<p>A continuaci\u00f3 podreu veure la identificaci\u00f3 de qui utilitza les cookies, en la qual, seguint els enlla\u00e7os, podreu accedir a la informaci\u00f3 sobre les seves pol\u00edtiques al respecte:<br \/>Sobre les anal\u00edtiques, la informaci\u00f3 obtinguda per les cookies \u00e9s tractada per textosBCN, la qual ha contractat la prestaci\u00f3 del servei d\u2019anal\u00edtica amb Google Analytics.<\/p><p>Tamb\u00e9 \u00e9s possible que hi hagi complements de xarxes socials de:<br \/>\u2013 Facebook<br \/>\u2013 Twitter<br \/>\u2013 Instagram<\/p>\t\t\t\t\t\t<\/div>\n\t\t\t\t<\/div>\n\t\t\t\t\t<\/div>\n\t\t<\/div>\n\t\t\t\t\t\t\t<\/div>\n\t\t<\/section>\n\t\t\t\t<section class=\"elementor-section elementor-inner-section elementor-element elementor-element-a0e7462 elementor-section-full_width elementor-section-height-default elementor-section-height-default qodef-elementor-content-no\" data-id=\"a0e7462\" data-element_type=\"section\">\n\t\t\t\t\t\t<div class=\"elementor-container elementor-column-gap-no\">\n\t\t\t\t\t<div class=\"elementor-column elementor-col-100 elementor-inner-column elementor-element elementor-element-6a807d7\" data-id=\"6a807d7\" data-element_type=\"column\">\n\t\t\t<div class=\"elementor-widget-wrap elementor-element-populated\">\n\t\t\t\t\t\t\t\t<div class=\"elementor-element elementor-element-ca7c185 elementor-widget elementor-widget-heading\" data-id=\"ca7c185\" data-element_type=\"widget\" data-widget_type=\"heading.default\">\n\t\t\t\t<div class=\"elementor-widget-container\">\n\t\t\t<h3 class=\"elementor-heading-title elementor-size-small\">5. ACTUALITZACI\u00d3 DE LA POL\u00cdTICA DE COOKIES<\/h3>\t\t<\/div>\n\t\t\t\t<\/div>\n\t\t\t\t<div class=\"elementor-element elementor-element-19036e3 elementor-widget elementor-widget-text-editor\" data-id=\"19036e3\" data-element_type=\"widget\" data-widget_type=\"text-editor.default\">\n\t\t\t\t<div class=\"elementor-widget-container\">\n\t\t\t\t\t\t\t<p>\u00c9s possible que per noves interpretacions realitzades per l\u2019organisme regulador competent, jutges o Tribunals, aquesta pol\u00edtica de cookies pateixi alguna modificaci\u00f3, per la qual cosa cal que l\u2019usuari en comprovi regularment el contingut.<\/p>\t\t\t\t\t\t<\/div>\n\t\t\t\t<\/div>\n\t\t\t\t\t<\/div>\n\t\t<\/div>\n\t\t\t\t\t\t\t<\/div>\n\t\t<\/section>\n\t\t\t\t\t<\/div>\n\t\t<\/div>\n\t\t\t\t\t\t\t<\/div>\n\t\t<\/section>\n\t\t\t\t\t\t\t<\/div>\n\t\t","protected":false},"excerpt":{"rendered":"<p>Pol\u00edtica de cookies 1. DEFINICI\u00d3 I FUNCI\u00d3 DE LES COOKIES Qu\u00e8 s\u00f3n les cookies? Una cookie \u00e9s un arxiu que es descarrega al vostre dispositiu en accedir a determinades p\u00e0gines web. Les cookies permeten a una p\u00e0gina web, entre altres coses, emmagatzemar i recuperar informaci\u00f3 sobre els h\u00e0bits de navegaci\u00f3 d\u2019un usuari o del seu [&hellip;]<\/p>\n","protected":false},"author":1,"featured_media":0,"parent":0,"menu_order":91,"comment_status":"closed","ping_status":"closed","template":"","meta":[],"acf":[],"_links":{"self":[{"href":"https:\/\/fce.putput.cat\/ca\/wp-json\/wp\/v2\/pages\/518"}],"collection":[{"href":"https:\/\/fce.putput.cat\/ca\/wp-json\/wp\/v2\/pages"}],"about":[{"href":"https:\/\/fce.putput.cat\/ca\/wp-json\/wp\/v2\/types\/page"}],"author":[{"embeddable":true,"href":"https:\/\/fce.putput.cat\/ca\/wp-json\/wp\/v2\/users\/1"}],"replies":[{"embeddable":true,"href":"https:\/\/fce.putput.cat\/ca\/wp-json\/wp\/v2\/comments?post=518"}],"version-history":[{"count":4,"href":"https:\/\/fce.putput.cat\/ca\/wp-json\/wp\/v2\/pages\/518\/revisions"}],"predecessor-version":[{"id":523,"href":"https:\/\/fce.putput.cat\/ca\/wp-json\/wp\/v2\/pages\/518\/revisions\/523"}],"wp:attachment":[{"href":"https:\/\/fce.putput.cat\/ca\/wp-json\/wp\/v2\/media?parent=518"}],"curies":[{"name":"wp","href":"https:\/\/api.w.org\/{rel}","templated":true}]}}