{"id":18862,"date":"2023-05-03T17:21:50","date_gmt":"2023-05-03T15:21:50","guid":{"rendered":"https:\/\/fce.putput.cat\/?page_id=18862"},"modified":"2023-05-03T17:29:51","modified_gmt":"2023-05-03T15:29:51","slug":"jurat-oficial","status":"publish","type":"page","link":"https:\/\/fce.putput.cat\/ca\/jurat-oficial\/","title":{"rendered":"Jurat oficial"},"content":{"rendered":"\t\t<div data-elementor-type=\"wp-page\" data-elementor-id=\"18862\" class=\"elementor elementor-18862\">\n\t\t\t\t\t\t\t\t\t<section class=\"elementor-section elementor-top-section elementor-element elementor-element-80792ff elementor-section-boxed elementor-section-height-default elementor-section-height-default qodef-elementor-content-no\" data-id=\"80792ff\" data-element_type=\"section\">\n\t\t\t\t\t\t<div class=\"elementor-container elementor-column-gap-default\">\n\t\t\t\t\t<div class=\"elementor-column elementor-col-100 elementor-top-column elementor-element elementor-element-039fcbd\" data-id=\"039fcbd\" data-element_type=\"column\">\n\t\t\t<div class=\"elementor-widget-wrap elementor-element-populated\">\n\t\t\t\t\t\t\t\t<div class=\"elementor-element elementor-element-ca0127e elementor-widget elementor-widget-heading\" data-id=\"ca0127e\" data-element_type=\"widget\" data-widget_type=\"heading.default\">\n\t\t\t\t<div class=\"elementor-widget-container\">\n\t\t\t<style>\/*! elementor - v3.13.1 - 09-05-2023 *\/\n.elementor-heading-title{padding:0;margin:0;line-height:1}.elementor-widget-heading .elementor-heading-title[class*=elementor-size-]>a{color:inherit;font-size:inherit;line-height:inherit}.elementor-widget-heading .elementor-heading-title.elementor-size-small{font-size:15px}.elementor-widget-heading .elementor-heading-title.elementor-size-medium{font-size:19px}.elementor-widget-heading .elementor-heading-title.elementor-size-large{font-size:29px}.elementor-widget-heading .elementor-heading-title.elementor-size-xl{font-size:39px}.elementor-widget-heading .elementor-heading-title.elementor-size-xxl{font-size:59px}<\/style><h2 class=\"elementor-heading-title elementor-size-default\">Jurat oficial<\/h2>\t\t<\/div>\n\t\t\t\t<\/div>\n\t\t\t\t\t<\/div>\n\t\t<\/div>\n\t\t\t\t\t\t\t<\/div>\n\t\t<\/section>\n\t\t\t\t<section class=\"elementor-section elementor-top-section elementor-element elementor-element-7b7e076 elementor-section-boxed elementor-section-height-default elementor-section-height-default qodef-elementor-content-no\" data-id=\"7b7e076\" data-element_type=\"section\">\n\t\t\t\t\t\t<div class=\"elementor-container elementor-column-gap-default\">\n\t\t\t\t\t<div class=\"elementor-column elementor-col-100 elementor-top-column elementor-element elementor-element-a53cdc7\" data-id=\"a53cdc7\" data-element_type=\"column\">\n\t\t\t<div class=\"elementor-widget-wrap elementor-element-populated\">\n\t\t\t\t\t\t\t\t<div class=\"elementor-element elementor-element-7fd1033 elementor-position-left elementor-vertical-align-top elementor-widget elementor-widget-image-box\" data-id=\"7fd1033\" data-element_type=\"widget\" data-widget_type=\"image-box.default\">\n\t\t\t\t<div class=\"elementor-widget-container\">\n\t\t\t<style>\/*! elementor - v3.13.1 - 09-05-2023 *\/\n.elementor-widget-image-box .elementor-image-box-content{width:100%}@media (min-width:768px){.elementor-widget-image-box.elementor-position-left .elementor-image-box-wrapper,.elementor-widget-image-box.elementor-position-right .elementor-image-box-wrapper{display:flex}.elementor-widget-image-box.elementor-position-right .elementor-image-box-wrapper{text-align:right;flex-direction:row-reverse}.elementor-widget-image-box.elementor-position-left .elementor-image-box-wrapper{text-align:left;flex-direction:row}.elementor-widget-image-box.elementor-position-top .elementor-image-box-img{margin:auto}.elementor-widget-image-box.elementor-vertical-align-top .elementor-image-box-wrapper{align-items:flex-start}.elementor-widget-image-box.elementor-vertical-align-middle .elementor-image-box-wrapper{align-items:center}.elementor-widget-image-box.elementor-vertical-align-bottom .elementor-image-box-wrapper{align-items:flex-end}}@media (max-width:767px){.elementor-widget-image-box .elementor-image-box-img{margin-left:auto!important;margin-right:auto!important;margin-bottom:15px}}.elementor-widget-image-box .elementor-image-box-img{display:inline-block}.elementor-widget-image-box .elementor-image-box-title a{color:inherit}.elementor-widget-image-box .elementor-image-box-wrapper{text-align:center}.elementor-widget-image-box .elementor-image-box-description{margin:0}<\/style><div class=\"elementor-image-box-wrapper\"><figure class=\"elementor-image-box-img\"><img decoding=\"async\" width=\"760\" height=\"785\" src=\"https:\/\/fce.putput.cat\/wp-content\/uploads\/2022\/12\/bcf_jurado-josep_roca.jpg\" class=\"attachment-full size-full wp-image-154\" alt=\"Josep Roca\" loading=\"lazy\" \/><\/figure><div class=\"elementor-image-box-content\"><div class=\"elementor-image-box-title\">Josep Roca<\/div><p class=\"elementor-image-box-description\">Josep Roca \u00e9s llicenciat en Filologia Hisp\u00e0nica per la Universitat Aut\u00f2noma de Barcelona i diplomat en Ger\u00e8ncia de les Administracions P\u00fabliques per ESADE. Ha sigut Coordinador de Relacions Internacionals i Grans Esdeveniments Esportius Internacionals a l\u2019Ajuntament de Barcelona i representant t\u00e8cnic a la World Union of Olympic Cities. Tamb\u00e9 va formar part de l\u2019organitzaci\u00f3 dels Jocs Ol\u00edmpics de Barcelona\u201992 com a director de les cerim\u00f2nies d\u2019obertura i clausura, les cerim\u00f2nies d\u2019entrega de medalles i productor delegat de l\u2019Official Film. Tamb\u00e9 ha estat productor de cinema a Barcelona Televisi\u00f3.<\/p><\/div><\/div>\t\t<\/div>\n\t\t\t\t<\/div>\n\t\t\t\t<div class=\"elementor-element elementor-element-ae613eb elementor-position-left elementor-vertical-align-top elementor-widget elementor-widget-image-box\" data-id=\"ae613eb\" data-element_type=\"widget\" data-widget_type=\"image-box.default\">\n\t\t\t\t<div class=\"elementor-widget-container\">\n\t\t\t<div class=\"elementor-image-box-wrapper\"><figure class=\"elementor-image-box-img\"><img decoding=\"async\" width=\"260\" height=\"260\" src=\"https:\/\/fce.putput.cat\/wp-content\/uploads\/2022\/12\/bcf_jurado-lidia_flaque.png\" class=\"attachment-full size-full wp-image-160\" alt=\"L\u00eddia Flaqu\u00e9\" loading=\"lazy\" \/><\/figure><div class=\"elementor-image-box-content\"><div class=\"elementor-image-box-title\">L\u00eddia Flaqu\u00e9<\/div><p class=\"elementor-image-box-description\">L\u00eddia Flaqu\u00e9 \u00e9s llicenciada en Ci\u00e8ncies de l\u2019Educaci\u00f3 i ha estat esportista d\u2019alt nivell en l\u2019\u00e0mbit de la nataci\u00f3. Igualment tamb\u00e9 ha estat t\u00e8cnica en gesti\u00f3 esportiva a l\u2019Ajuntament de Barcelona. Actualment \u00e9s secret\u00e0ria general de la Federaci\u00f3 Catalana de Nataci\u00f3 i directiva de la Real Federaci\u00f3n Espa\u00f1ola de Nataci\u00f3n. Apassionada pel cinema, assisteix peri\u00f2dicament a festivals com les Biennale de Berlin i Ven\u00e8cia o al festival de cinema de Sitges.<\/p><\/div><\/div>\t\t<\/div>\n\t\t\t\t<\/div>\n\t\t\t\t<div class=\"elementor-element elementor-element-c6a20d9 elementor-position-left elementor-vertical-align-top elementor-widget elementor-widget-image-box\" data-id=\"c6a20d9\" data-element_type=\"widget\" data-widget_type=\"image-box.default\">\n\t\t\t\t<div class=\"elementor-widget-container\">\n\t\t\t<div class=\"elementor-image-box-wrapper\"><figure class=\"elementor-image-box-img\"><img decoding=\"async\" width=\"760\" height=\"785\" src=\"https:\/\/fce.putput.cat\/wp-content\/uploads\/2022\/12\/bcf_jurado-jose_luis_beltran.jpg\" class=\"attachment-full size-full wp-image-148\" alt=\"Jos\u00e9 Luis Beltr\u00e1n\" loading=\"lazy\" \/><\/figure><div class=\"elementor-image-box-content\"><div class=\"elementor-image-box-title\">Jos\u00e9 Luis Beltr\u00e1n<\/div><p class=\"elementor-image-box-description\">Jos\u00e9 Luis Beltr\u00e1n \u00e9s Diplomat en Ci\u00e8ncies Empresarials i diplomat en Turisme per la Universitat Jaume I. Desenvolupa tasques de professor desenvolupant una proposta per al cinef\u00f2rum. Ha dut a terme tasques de jurat al festival de Curtmetratges de Vinar\u00f2s Agust\u00ed Comes aix\u00ed com diverses activitats de difusi\u00f3 de tem\u00e0tica cinematogr\u00e0fica en entorns blog i tamb\u00e9 en mitjans de comunicaci\u00f3 locals a Vinar\u00f2s.<\/p><\/div><\/div>\t\t<\/div>\n\t\t\t\t<\/div>\n\t\t\t\t<div class=\"elementor-element elementor-element-f1641d7 elementor-position-left elementor-vertical-align-top elementor-widget elementor-widget-image-box\" data-id=\"f1641d7\" data-element_type=\"widget\" data-widget_type=\"image-box.default\">\n\t\t\t\t<div class=\"elementor-widget-container\">\n\t\t\t<div class=\"elementor-image-box-wrapper\"><figure class=\"elementor-image-box-img\"><img decoding=\"async\" width=\"760\" height=\"785\" src=\"https:\/\/fce.putput.cat\/wp-content\/uploads\/2022\/12\/bcf_jurado-marguerite_hayter.jpg\" class=\"attachment-full size-full wp-image-163\" alt=\"Marguerite Hayter\" loading=\"lazy\" \/><\/figure><div class=\"elementor-image-box-content\"><div class=\"elementor-image-box-title\">Marguerite Hayter<\/div><p class=\"elementor-image-box-description\">Marguerite Hayter \u00e9s Diplomada en teatre a Les Enfants Terribles i M\u00e1ster en cinema a Universit\u00e9 Paris 8. T\u00e9 una llarga experi\u00e8ncia en la realitzaci\u00f3 de documentals, ficci\u00f3 i publicitat. Algunes de les seves produccions han estat seleccionades en diversos festivals internacionals. Tamb\u00e9 ha estat membre de jurat en diversos festivals.<\/p><\/div><\/div>\t\t<\/div>\n\t\t\t\t<\/div>\n\t\t\t\t\t<\/div>\n\t\t<\/div>\n\t\t\t\t\t\t\t<\/div>\n\t\t<\/section>\n\t\t\t\t\t\t\t<\/div>\n\t\t","protected":false},"excerpt":{"rendered":"<p>Jurat oficial Josep Roca Josep Roca \u00e9s llicenciat en Filologia Hisp\u00e0nica per la Universitat Aut\u00f2noma de Barcelona i diplomat en Ger\u00e8ncia de les Administracions P\u00fabliques per ESADE. Ha sigut Coordinador de Relacions Internacionals i Grans Esdeveniments Esportius Internacionals a l\u2019Ajuntament de Barcelona i representant t\u00e8cnic a la World Union of Olympic Cities. Tamb\u00e9 va formar [&hellip;]<\/p>\n","protected":false},"author":1,"featured_media":0,"parent":0,"menu_order":5,"comment_status":"closed","ping_status":"closed","template":"page-full-width.php","meta":[],"acf":[],"_links":{"self":[{"href":"https:\/\/fce.putput.cat\/ca\/wp-json\/wp\/v2\/pages\/18862"}],"collection":[{"href":"https:\/\/fce.putput.cat\/ca\/wp-json\/wp\/v2\/pages"}],"about":[{"href":"https:\/\/fce.putput.cat\/ca\/wp-json\/wp\/v2\/types\/page"}],"author":[{"embeddable":true,"href":"https:\/\/fce.putput.cat\/ca\/wp-json\/wp\/v2\/users\/1"}],"replies":[{"embeddable":true,"href":"https:\/\/fce.putput.cat\/ca\/wp-json\/wp\/v2\/comments?post=18862"}],"version-history":[{"count":4,"href":"https:\/\/fce.putput.cat\/ca\/wp-json\/wp\/v2\/pages\/18862\/revisions"}],"predecessor-version":[{"id":18885,"href":"https:\/\/fce.putput.cat\/ca\/wp-json\/wp\/v2\/pages\/18862\/revisions\/18885"}],"wp:attachment":[{"href":"https:\/\/fce.putput.cat\/ca\/wp-json\/wp\/v2\/media?parent=18862"}],"curies":[{"name":"wp","href":"https:\/\/api.w.org\/{rel}","templated":true}]}}