{"id":17145,"date":"2023-03-06T15:56:10","date_gmt":"2023-03-06T13:56:10","guid":{"rendered":"https:\/\/fce.putput.cat\/?page_id=17145"},"modified":"2023-04-04T17:33:59","modified_gmt":"2023-04-04T15:33:59","slug":"projectes-socials","status":"publish","type":"page","link":"https:\/\/fce.putput.cat\/ca\/projectes-socials\/","title":{"rendered":"Projecte Social"},"content":{"rendered":"\t\t<div data-elementor-type=\"wp-page\" data-elementor-id=\"17145\" class=\"elementor elementor-17145\">\n\t\t\t\t\t\t\t\t\t<section class=\"elementor-section elementor-top-section elementor-element elementor-element-3e0cefa elementor-section-boxed elementor-section-height-default elementor-section-height-default qodef-elementor-content-no\" data-id=\"3e0cefa\" data-element_type=\"section\">\n\t\t\t\t\t\t<div class=\"elementor-container elementor-column-gap-wider\">\n\t\t\t\t\t<div class=\"elementor-column elementor-col-100 elementor-top-column elementor-element elementor-element-f9d6f8e\" data-id=\"f9d6f8e\" data-element_type=\"column\">\n\t\t\t<div class=\"elementor-widget-wrap elementor-element-populated\">\n\t\t\t\t\t\t\t\t<div class=\"elementor-element elementor-element-ef2db41 elementor-widget elementor-widget-heading\" data-id=\"ef2db41\" data-element_type=\"widget\" data-widget_type=\"heading.default\">\n\t\t\t\t<div class=\"elementor-widget-container\">\n\t\t\t<style>\/*! elementor - v3.13.1 - 09-05-2023 *\/\n.elementor-heading-title{padding:0;margin:0;line-height:1}.elementor-widget-heading .elementor-heading-title[class*=elementor-size-]>a{color:inherit;font-size:inherit;line-height:inherit}.elementor-widget-heading .elementor-heading-title.elementor-size-small{font-size:15px}.elementor-widget-heading .elementor-heading-title.elementor-size-medium{font-size:19px}.elementor-widget-heading .elementor-heading-title.elementor-size-large{font-size:29px}.elementor-widget-heading .elementor-heading-title.elementor-size-xl{font-size:39px}.elementor-widget-heading .elementor-heading-title.elementor-size-xxl{font-size:59px}<\/style><h2 class=\"elementor-heading-title elementor-size-xxl\">Projecte Social (promoci\u00f3 de valors a l'escola - Centres Penitenciaris)<\/h2>\t\t<\/div>\n\t\t\t\t<\/div>\n\t\t\t\t\t<\/div>\n\t\t<\/div>\n\t\t\t\t\t\t\t<\/div>\n\t\t<\/section>\n\t\t\t\t<section class=\"elementor-section elementor-top-section elementor-element elementor-element-51fc546 elementor-section-boxed elementor-section-height-default elementor-section-height-default qodef-elementor-content-no\" data-id=\"51fc546\" data-element_type=\"section\">\n\t\t\t\t\t\t<div class=\"elementor-container elementor-column-gap-default\">\n\t\t\t\t\t<div class=\"elementor-column elementor-col-100 elementor-top-column elementor-element elementor-element-09ccef8\" data-id=\"09ccef8\" data-element_type=\"column\">\n\t\t\t<div class=\"elementor-widget-wrap elementor-element-populated\">\n\t\t\t\t\t\t\t\t<div class=\"elementor-element elementor-element-c1f58a3 elementor-widget elementor-widget-heading\" data-id=\"c1f58a3\" data-element_type=\"widget\" data-widget_type=\"heading.default\">\n\t\t\t\t<div class=\"elementor-widget-container\">\n\t\t\t<h3 class=\"elementor-heading-title elementor-size-small\">Sessions educatives per a Centres Educatius i de Formaci\u00f3<\/h3>\t\t<\/div>\n\t\t\t\t<\/div>\n\t\t\t\t<div class=\"elementor-element elementor-element-ee91bc5 elementor-widget elementor-widget-text-editor\" data-id=\"ee91bc5\" data-element_type=\"widget\" data-widget_type=\"text-editor.default\">\n\t\t\t\t<div class=\"elementor-widget-container\">\n\t\t\t<style>\/*! elementor - v3.13.1 - 09-05-2023 *\/\n.elementor-widget-text-editor.elementor-drop-cap-view-stacked .elementor-drop-cap{background-color:#69727d;color:#fff}.elementor-widget-text-editor.elementor-drop-cap-view-framed .elementor-drop-cap{color:#69727d;border:3px solid;background-color:transparent}.elementor-widget-text-editor:not(.elementor-drop-cap-view-default) .elementor-drop-cap{margin-top:8px}.elementor-widget-text-editor:not(.elementor-drop-cap-view-default) .elementor-drop-cap-letter{width:1em;height:1em}.elementor-widget-text-editor .elementor-drop-cap{float:left;text-align:center;line-height:1;font-size:50px}.elementor-widget-text-editor .elementor-drop-cap-letter{display:inline-block}<\/style>\t\t\t\tL&#8217;objectiu principal d&#8217;aquestes projeccions escolars \u00e9s la reflexi\u00f3 en temes com ara la immigraci\u00f3, la salut, els estereotips, el bullying, el rendiment o la diversitat de g\u00e8nere. El BCN Sports Film compta amb la col\u00b7laboraci\u00f3 de FILMCLUB, una entitat que promou l&#8217;aprenentatge mitjan\u00e7ant audiovisuals, que desenvolupa els dossiers pedag\u00f2gics d&#8217;acord amb les tem\u00e0tiques i les <a href=\"#\">edats de cada sessi\u00f3<\/a>.\t\t\t\t\t\t<\/div>\n\t\t\t\t<\/div>\n\t\t\t\t<div class=\"elementor-element elementor-element-3633b3a elementor-widget elementor-widget-heading\" data-id=\"3633b3a\" data-element_type=\"widget\" data-widget_type=\"heading.default\">\n\t\t\t\t<div class=\"elementor-widget-container\">\n\t\t\t<h3 class=\"elementor-heading-title elementor-size-small\">Departament de Just\u00edcia de la Generalitat - Visita a Centres Penitenciaris<\/h3>\t\t<\/div>\n\t\t\t\t<\/div>\n\t\t\t\t<div class=\"elementor-element elementor-element-93ac477 elementor-widget elementor-widget-text-editor\" data-id=\"93ac477\" data-element_type=\"widget\" data-widget_type=\"text-editor.default\">\n\t\t\t\t<div class=\"elementor-widget-container\">\n\t\t\t\t\t\t\t<p>En col\u00b7laboraci\u00f3 amb la Unitat de Programes d&#8217;Intervenci\u00f3 Generalitzada del Departament de Just\u00edcia de la Generalitat de Catalunya, des del 2010, el BCN Sports Film estableix un programa de sessions i activitats paral\u00b7leles als diferents Centres Penitenciaris de Catalunya. Amb la idea de tenir referents esportius que siguin un exemple a seguir comptem amb la col\u00b7laboraci\u00f3 d&#8217;esportistes, actors, directors o productors que s&#8217;acosten als centres amb un missatge de superaci\u00f3, joc net, treball i const\u00e0ncia que serveixin com a referent a l&#8217;ora de superar situacions dif\u00edcils.<\/p>\t\t\t\t\t\t<\/div>\n\t\t\t\t<\/div>\n\t\t\t\t\t<\/div>\n\t\t<\/div>\n\t\t\t\t\t\t\t<\/div>\n\t\t<\/section>\n\t\t\t\t\t\t\t<\/div>\n\t\t","protected":false},"excerpt":{"rendered":"<p>Projecte Social (promoci\u00f3 de valors a l&#8217;escola &#8211; Centres Penitenciaris) Sessions educatives per a Centres Educatius i de Formaci\u00f3 L&#8217;objectiu principal d&#8217;aquestes projeccions escolars \u00e9s la reflexi\u00f3 en temes com ara la immigraci\u00f3, la salut, els estereotips, el bullying, el rendiment o la diversitat de g\u00e8nere. El BCN Sports Film compta amb la col\u00b7laboraci\u00f3 de [&hellip;]<\/p>\n","protected":false},"author":1,"featured_media":0,"parent":0,"menu_order":2,"comment_status":"closed","ping_status":"closed","template":"page-full-width.php","meta":[],"acf":[],"_links":{"self":[{"href":"https:\/\/fce.putput.cat\/ca\/wp-json\/wp\/v2\/pages\/17145"}],"collection":[{"href":"https:\/\/fce.putput.cat\/ca\/wp-json\/wp\/v2\/pages"}],"about":[{"href":"https:\/\/fce.putput.cat\/ca\/wp-json\/wp\/v2\/types\/page"}],"author":[{"embeddable":true,"href":"https:\/\/fce.putput.cat\/ca\/wp-json\/wp\/v2\/users\/1"}],"replies":[{"embeddable":true,"href":"https:\/\/fce.putput.cat\/ca\/wp-json\/wp\/v2\/comments?post=17145"}],"version-history":[{"count":14,"href":"https:\/\/fce.putput.cat\/ca\/wp-json\/wp\/v2\/pages\/17145\/revisions"}],"predecessor-version":[{"id":18405,"href":"https:\/\/fce.putput.cat\/ca\/wp-json\/wp\/v2\/pages\/17145\/revisions\/18405"}],"wp:attachment":[{"href":"https:\/\/fce.putput.cat\/ca\/wp-json\/wp\/v2\/media?parent=17145"}],"curies":[{"name":"wp","href":"https:\/\/api.w.org\/{rel}","templated":true}]}}