{"id":143,"date":"2022-12-14T13:07:59","date_gmt":"2022-12-14T11:07:59","guid":{"rendered":"https:\/\/fce.putput.cat\/?page_id=143"},"modified":"2023-05-03T17:25:13","modified_gmt":"2023-05-03T15:25:13","slug":"jurat-seleccio","status":"publish","type":"page","link":"https:\/\/fce.putput.cat\/ca\/jurat-seleccio\/","title":{"rendered":"Jurat de selecci\u00f3"},"content":{"rendered":"\t\t<div data-elementor-type=\"wp-page\" data-elementor-id=\"143\" class=\"elementor elementor-143\">\n\t\t\t\t\t\t\t\t\t<section class=\"elementor-section elementor-top-section elementor-element elementor-element-80792ff elementor-section-boxed elementor-section-height-default elementor-section-height-default qodef-elementor-content-no\" data-id=\"80792ff\" data-element_type=\"section\">\n\t\t\t\t\t\t<div class=\"elementor-container elementor-column-gap-default\">\n\t\t\t\t\t<div class=\"elementor-column elementor-col-100 elementor-top-column elementor-element elementor-element-039fcbd\" data-id=\"039fcbd\" data-element_type=\"column\">\n\t\t\t<div class=\"elementor-widget-wrap elementor-element-populated\">\n\t\t\t\t\t\t\t\t<div class=\"elementor-element elementor-element-ca0127e elementor-widget elementor-widget-heading\" data-id=\"ca0127e\" data-element_type=\"widget\" data-widget_type=\"heading.default\">\n\t\t\t\t<div class=\"elementor-widget-container\">\n\t\t\t<style>\/*! elementor - v3.13.1 - 09-05-2023 *\/\n.elementor-heading-title{padding:0;margin:0;line-height:1}.elementor-widget-heading .elementor-heading-title[class*=elementor-size-]>a{color:inherit;font-size:inherit;line-height:inherit}.elementor-widget-heading .elementor-heading-title.elementor-size-small{font-size:15px}.elementor-widget-heading .elementor-heading-title.elementor-size-medium{font-size:19px}.elementor-widget-heading .elementor-heading-title.elementor-size-large{font-size:29px}.elementor-widget-heading .elementor-heading-title.elementor-size-xl{font-size:39px}.elementor-widget-heading .elementor-heading-title.elementor-size-xxl{font-size:59px}<\/style><h2 class=\"elementor-heading-title elementor-size-default\">Jurat de Selecci\u00f3\u200b<\/h2>\t\t<\/div>\n\t\t\t\t<\/div>\n\t\t\t\t\t<\/div>\n\t\t<\/div>\n\t\t\t\t\t\t\t<\/div>\n\t\t<\/section>\n\t\t\t\t<section class=\"elementor-section elementor-top-section elementor-element elementor-element-afa5cea elementor-section-boxed elementor-section-height-default elementor-section-height-default qodef-elementor-content-no\" data-id=\"afa5cea\" data-element_type=\"section\">\n\t\t\t\t\t\t<div class=\"elementor-container elementor-column-gap-default\">\n\t\t\t\t\t<div class=\"elementor-column elementor-col-100 elementor-top-column elementor-element elementor-element-505095d\" data-id=\"505095d\" data-element_type=\"column\">\n\t\t\t<div class=\"elementor-widget-wrap elementor-element-populated\">\n\t\t\t\t\t\t\t\t<div class=\"elementor-element elementor-element-8d61abc elementor-position-left elementor-vertical-align-top elementor-widget elementor-widget-image-box\" data-id=\"8d61abc\" data-element_type=\"widget\" data-widget_type=\"image-box.default\">\n\t\t\t\t<div class=\"elementor-widget-container\">\n\t\t\t<style>\/*! elementor - v3.13.1 - 09-05-2023 *\/\n.elementor-widget-image-box .elementor-image-box-content{width:100%}@media (min-width:768px){.elementor-widget-image-box.elementor-position-left .elementor-image-box-wrapper,.elementor-widget-image-box.elementor-position-right .elementor-image-box-wrapper{display:flex}.elementor-widget-image-box.elementor-position-right .elementor-image-box-wrapper{text-align:right;flex-direction:row-reverse}.elementor-widget-image-box.elementor-position-left .elementor-image-box-wrapper{text-align:left;flex-direction:row}.elementor-widget-image-box.elementor-position-top .elementor-image-box-img{margin:auto}.elementor-widget-image-box.elementor-vertical-align-top .elementor-image-box-wrapper{align-items:flex-start}.elementor-widget-image-box.elementor-vertical-align-middle .elementor-image-box-wrapper{align-items:center}.elementor-widget-image-box.elementor-vertical-align-bottom .elementor-image-box-wrapper{align-items:flex-end}}@media (max-width:767px){.elementor-widget-image-box .elementor-image-box-img{margin-left:auto!important;margin-right:auto!important;margin-bottom:15px}}.elementor-widget-image-box .elementor-image-box-img{display:inline-block}.elementor-widget-image-box .elementor-image-box-title a{color:inherit}.elementor-widget-image-box .elementor-image-box-wrapper{text-align:center}.elementor-widget-image-box .elementor-image-box-description{margin:0}<\/style><div class=\"elementor-image-box-wrapper\"><figure class=\"elementor-image-box-img\"><img decoding=\"async\" width=\"260\" height=\"260\" src=\"https:\/\/fce.putput.cat\/wp-content\/uploads\/2022\/12\/bcf_jurado-mireia_vicente.jpg\" class=\"attachment-full size-full wp-image-166\" alt=\"Mireia Vicente\" loading=\"lazy\" \/><\/figure><div class=\"elementor-image-box-content\"><div class=\"elementor-image-box-title\">Mireia Vicente<\/div><p class=\"elementor-image-box-description\">Mireia Vicente \u00e9s cap de relacions externes esportives de TV3. Com a periodista, ha cobert nombrosos esdeveniments esportius, entre els m\u00e9s destacats: tres Jocs Ol\u00edmpics i diversos campionats mundials. \u00c9s directora dels programes de televisi\u00f3 Campiones, Capacitats i Actius. Durant la seva traject\u00f2ria ha sigut guardonada amb el Premi Periodista Esportiu dels Premis L\u00edders de l\u2019Esport Catal\u00e0 2018, i el Premi al mitj\u00e0 de comunicaci\u00f3 del Premi Dona i Esport 2019\u2033<\/p><\/div><\/div>\t\t<\/div>\n\t\t\t\t<\/div>\n\t\t\t\t<div class=\"elementor-element elementor-element-5978f1b elementor-position-left elementor-vertical-align-top elementor-widget elementor-widget-image-box\" data-id=\"5978f1b\" data-element_type=\"widget\" data-widget_type=\"image-box.default\">\n\t\t\t\t<div class=\"elementor-widget-container\">\n\t\t\t<div class=\"elementor-image-box-wrapper\"><figure class=\"elementor-image-box-img\"><img decoding=\"async\" width=\"580\" height=\"580\" src=\"https:\/\/fce.putput.cat\/wp-content\/uploads\/2022\/12\/bcf_jurado-agusti_argelich.jpg\" class=\"attachment-full size-full wp-image-145\" alt=\"Agust\u00ed Argelich\" loading=\"lazy\" \/><\/figure><div class=\"elementor-image-box-content\"><div class=\"elementor-image-box-title\">Agust\u00ed Argelich<\/div><p class=\"elementor-image-box-description\">Coordinador de programas en la Corporaci\u00f3 Catalana de Mitjans Audiovisuals. \u00c9s director del BCN Sports Film Festival aix\u00ed com del festival FILMETS de Badalona.<\/p><\/div><\/div>\t\t<\/div>\n\t\t\t\t<\/div>\n\t\t\t\t<div class=\"elementor-element elementor-element-33aac19 elementor-position-left elementor-vertical-align-top elementor-widget elementor-widget-image-box\" data-id=\"33aac19\" data-element_type=\"widget\" data-widget_type=\"image-box.default\">\n\t\t\t\t<div class=\"elementor-widget-container\">\n\t\t\t<div class=\"elementor-image-box-wrapper\"><figure class=\"elementor-image-box-img\"><img decoding=\"async\" width=\"260\" height=\"260\" src=\"https:\/\/fce.putput.cat\/wp-content\/uploads\/2022\/12\/bcf_jurado-joan_manuel_surroca.jpg\" class=\"attachment-full size-full wp-image-169\" alt=\"Joan Manuel Surroca\" loading=\"lazy\" \/><\/figure><div class=\"elementor-image-box-content\"><div class=\"elementor-image-box-title\">Joan Manuel Surroca<\/div><p class=\"elementor-image-box-description\">Periodista esportiu i estret col\u00b7laborador de la Fundaci\u00f3 Barcelona Ol\u00edmpica. Ha estat responsable del servei d\u2019esport de RNE a Catalunya i ha participat, com a periodista, en els principals esdeveniments esportius, especialment els JJOO de Barcelona i Sydney.<\/p><\/div><\/div>\t\t<\/div>\n\t\t\t\t<\/div>\n\t\t\t\t<div class=\"elementor-element elementor-element-79a5e2f elementor-position-left elementor-vertical-align-top elementor-widget elementor-widget-image-box\" data-id=\"79a5e2f\" data-element_type=\"widget\" data-widget_type=\"image-box.default\">\n\t\t\t\t<div class=\"elementor-widget-container\">\n\t\t\t<div class=\"elementor-image-box-wrapper\"><figure class=\"elementor-image-box-img\"><img decoding=\"async\" width=\"260\" height=\"260\" src=\"https:\/\/fce.putput.cat\/wp-content\/uploads\/2022\/12\/bcf_jurado-julio_pernas.jpg\" class=\"attachment-full size-full wp-image-157\" alt=\"Juli Pernas\" loading=\"lazy\" \/><\/figure><div class=\"elementor-image-box-content\"><div class=\"elementor-image-box-title\">Juli Pernas<\/div><p class=\"elementor-image-box-description\">Llicenciat en filosofia i lletres, la seva traject\u00f2ria professional ha estat fortament relacionada amb la gesti\u00f3 esportiva. Entre els anys 2010 i 2020 ha estat director de la Fundaci\u00f3 Barcelona Ol\u00edmpica.<\/p><\/div><\/div>\t\t<\/div>\n\t\t\t\t<\/div>\n\t\t\t\t\t<\/div>\n\t\t<\/div>\n\t\t\t\t\t\t\t<\/div>\n\t\t<\/section>\n\t\t\t\t\t\t\t<\/div>\n\t\t","protected":false},"excerpt":{"rendered":"<p>Jurat de Selecci\u00f3\u200b Mireia Vicente Mireia Vicente \u00e9s cap de relacions externes esportives de TV3. Com a periodista, ha cobert nombrosos esdeveniments esportius, entre els m\u00e9s destacats: tres Jocs Ol\u00edmpics i diversos campionats mundials. \u00c9s directora dels programes de televisi\u00f3 Campiones, Capacitats i Actius. Durant la seva traject\u00f2ria ha sigut guardonada amb el Premi Periodista [&hellip;]<\/p>\n","protected":false},"author":1,"featured_media":0,"parent":0,"menu_order":5,"comment_status":"closed","ping_status":"closed","template":"page-full-width.php","meta":[],"acf":[],"_links":{"self":[{"href":"https:\/\/fce.putput.cat\/ca\/wp-json\/wp\/v2\/pages\/143"}],"collection":[{"href":"https:\/\/fce.putput.cat\/ca\/wp-json\/wp\/v2\/pages"}],"about":[{"href":"https:\/\/fce.putput.cat\/ca\/wp-json\/wp\/v2\/types\/page"}],"author":[{"embeddable":true,"href":"https:\/\/fce.putput.cat\/ca\/wp-json\/wp\/v2\/users\/1"}],"replies":[{"embeddable":true,"href":"https:\/\/fce.putput.cat\/ca\/wp-json\/wp\/v2\/comments?post=143"}],"version-history":[{"count":9,"href":"https:\/\/fce.putput.cat\/ca\/wp-json\/wp\/v2\/pages\/143\/revisions"}],"predecessor-version":[{"id":18878,"href":"https:\/\/fce.putput.cat\/ca\/wp-json\/wp\/v2\/pages\/143\/revisions\/18878"}],"wp:attachment":[{"href":"https:\/\/fce.putput.cat\/ca\/wp-json\/wp\/v2\/media?parent=143"}],"curies":[{"name":"wp","href":"https:\/\/api.w.org\/{rel}","templated":true}]}}